{"id":46,"date":"2020-10-28T05:23:32","date_gmt":"2020-10-28T04:23:32","guid":{"rendered":"https:\/\/a2kadvisory.com\/?page_id=46"},"modified":"2021-12-16T14:28:33","modified_gmt":"2021-12-16T13:28:33","slug":"strategie-et-finance-dentreprise","status":"publish","type":"page","link":"https:\/\/a2kadvisory.com\/fr\/nos-services\/strategie-et-finance-dentreprise\/","title":{"rendered":"Strat\u00e9gie et Finance d\u2019Entreprise"},"content":{"rendered":"<div data-elementor-type=\"wp-page\" data-elementor-id=\"46\" class=\"elementor elementor-46\">\n\t\t\t\t\t\t<section class=\"elementor-section elementor-top-section elementor-element elementor-element-786c224 elementor-section-boxed elementor-section-height-default elementor-section-height-default\" data-id=\"786c224\" data-element_type=\"section\" data-e-type=\"section\">\n\t\t\t\t\t\t<div class=\"elementor-container elementor-column-gap-default\">\n\t\t\t\t\t<div class=\"elementor-column elementor-col-50 elementor-top-column elementor-element elementor-element-720756e\" data-id=\"720756e\" data-element_type=\"column\" data-e-type=\"column\">\n\t\t\t<div class=\"elementor-widget-wrap elementor-element-populated\">\n\t\t\t\t\t\t<div class=\"elementor-element elementor-element-2b18e24 elementor-widget elementor-widget-wp-widget-stock_ticker\" data-id=\"2b18e24\" data-element_type=\"widget\" data-e-type=\"widget\" data-widget_type=\"wp-widget-stock_ticker.default\">\n\t\t\t\t<div class=\"elementor-widget-container\">\n\t\t\t\t\t<div\n\t\t\t\tclass=\"stock-ticker-wrapper\"\n\t\t\t\tdata-stockticker_symbols=\"AAPL,MSFT,INTC,FB,CSCO,GOOG,LNKD,TWTR,BABA,IBM,DJI\"\n\t\t\t\tdata-stockticker_show=\"symbol\"\n\t\t\t\tdata-stockticker_number_format=\"dc\"\n\t\t\t\tdata-stockticker_decimals=\"2\"\n\t\t\t\tdata-stockticker_static=\"\"\n\t\t\t\tdata-stockticker_class=\"\"\n\t\t\t\tdata-stockticker_speed=\"50\"\n\t\t\t\tdata-stockticker_empty=\"\"\n\t\t\t\tdata-stockticker_duplicate=\"1\"\n\t\t\t><ul class=\"stock_ticker\"><li class=\"init\"><span class=\"sqitem\"><\/span><\/li><\/ul><\/div>\t\t\t\t<\/div>\n\t\t\t\t<\/div>\n\t\t\t\t\t<\/div>\n\t\t<\/div>\n\t\t\t\t<div class=\"elementor-column elementor-col-50 elementor-top-column elementor-element elementor-element-425c643\" data-id=\"425c643\" data-element_type=\"column\" data-e-type=\"column\">\n\t\t\t<div class=\"elementor-widget-wrap\">\n\t\t\t\t\t\t\t<\/div>\n\t\t<\/div>\n\t\t\t\t\t<\/div>\n\t\t<\/section>\n\t\t\t\t<section class=\"elementor-section elementor-top-section elementor-element elementor-element-3f80011 elementor-section-boxed elementor-section-height-default elementor-section-height-default\" data-id=\"3f80011\" data-element_type=\"section\" data-e-type=\"section\" data-settings=\"{&quot;background_background&quot;:&quot;classic&quot;}\">\n\t\t\t\t\t\t<div class=\"elementor-container elementor-column-gap-default\">\n\t\t\t\t\t<div class=\"elementor-column elementor-col-100 elementor-top-column elementor-element elementor-element-608d4bfa\" data-id=\"608d4bfa\" data-element_type=\"column\" data-e-type=\"column\">\n\t\t\t<div class=\"elementor-widget-wrap elementor-element-populated\">\n\t\t\t\t\t\t<div class=\"elementor-element elementor-element-1aedd40f elementor-widget elementor-widget-heading\" data-id=\"1aedd40f\" data-element_type=\"widget\" data-e-type=\"widget\" data-widget_type=\"heading.default\">\n\t\t\t\t<div class=\"elementor-widget-container\">\n\t\t\t\t\t<h1 class=\"elementor-heading-title elementor-size-default\">Strat\u00e9gie et Finance d\u2019Entreprise<\/h1>\t\t\t\t<\/div>\n\t\t\t\t<\/div>\n\t\t\t\t<div class=\"elementor-element elementor-element-32a2855f elementor-widget-divider--view-line elementor-widget elementor-widget-divider\" data-id=\"32a2855f\" data-element_type=\"widget\" data-e-type=\"widget\" data-widget_type=\"divider.default\">\n\t\t\t\t<div class=\"elementor-widget-container\">\n\t\t\t\t\t\t\t<div class=\"elementor-divider\">\n\t\t\t<span class=\"elementor-divider-separator\">\n\t\t\t\t\t\t<\/span>\n\t\t<\/div>\n\t\t\t\t\t\t<\/div>\n\t\t\t\t<\/div>\n\t\t\t\t\t<\/div>\n\t\t<\/div>\n\t\t\t\t\t<\/div>\n\t\t<\/section>\n\t\t\t\t<section class=\"elementor-section elementor-top-section elementor-element elementor-element-2779f443 elementor-section-boxed elementor-section-height-default elementor-section-height-default\" data-id=\"2779f443\" data-element_type=\"section\" data-e-type=\"section\" data-settings=\"{&quot;background_background&quot;:&quot;classic&quot;}\">\n\t\t\t\t\t\t\t<div class=\"elementor-background-overlay\"><\/div>\n\t\t\t\t\t\t\t<div class=\"elementor-container elementor-column-gap-default\">\n\t\t\t\t\t<div class=\"elementor-column elementor-col-50 elementor-top-column elementor-element elementor-element-13c671ba\" data-id=\"13c671ba\" data-element_type=\"column\" data-e-type=\"column\">\n\t\t\t<div class=\"elementor-widget-wrap elementor-element-populated\">\n\t\t\t\t\t\t<div class=\"elementor-element elementor-element-721cab7e elementor-widget elementor-widget-image\" data-id=\"721cab7e\" data-element_type=\"widget\" data-e-type=\"widget\" data-widget_type=\"image.default\">\n\t\t\t\t<div class=\"elementor-widget-container\">\n\t\t\t\t\t\t\t\t\t\t\t\t\t\t\t<img decoding=\"async\" src=\"https:\/\/a2kadvisory.com\/wp-content\/uploads\/2020\/10\/shutterstock_245850181-1.jpg\" title=\"Strat\u00e9gie et Finance d\u2019Entreprise\" alt=\"strategy corporate finance\" loading=\"lazy\" \/>\t\t\t\t\t\t\t\t\t\t\t\t\t\t\t<\/div>\n\t\t\t\t<\/div>\n\t\t\t\t<div class=\"elementor-element elementor-element-88da9b1 elementor-hidden-desktop elementor-widget elementor-widget-text-editor\" data-id=\"88da9b1\" data-element_type=\"widget\" data-e-type=\"widget\" data-widget_type=\"text-editor.default\">\n\t\t\t\t<div class=\"elementor-widget-container\">\n\t\t\t\t\t\t\t\t\t<p>Plus les entreprises se complexifient, plus les dirigeants et d\u00e9cideurs ont besoin de strat\u00e9gies efficaces pour accro\u00eetre leur rendement. Dans un contexte \u00e9conomique mondial bien souvent incertain et sinuso\u00efdal, A2k Advisory aide ses clients \u00e0 cr\u00e9er des strat\u00e9gies ex\u00e9cutables en mati\u00e8re de croissance et de cr\u00e9ation de valeur ; d\u2019optimisation de portefeuille et de diff\u00e9renciation.<\/p><p>A2k Advisory permet aux entreprises de d\u00e9finir leur orientation strat\u00e9gique et d\u2019effectuer des choix importants qui concernent l\u2019ensemble de l\u2019organisation en question et certaines unit\u00e9s d\u2019affaires. S\u2019adaptant \u00e0 sa client\u00e8le via des analyses qualitatives et quantitatives, le cabinet dispose d\u2019une expertise particuli\u00e8re dans le conseil li\u00e9 \u00e0 des projets complexes dans les secteurs des mines, \u00e9nergie, p\u00e9trole &amp; gaz, agriculture et infrastructures ; allant de la strat\u00e9gie \u00e0 la mise en \u0153uvre avec des perspectives approfondies sur ledit secteur afin de surmonter les d\u00e9fis commerciaux les plus ambitieux.<\/p>\t\t\t\t\t\t\t\t<\/div>\n\t\t\t\t<\/div>\n\t\t\t\t<div class=\"elementor-element elementor-element-9be1fea elementor-hidden-phone elementor-widget elementor-widget-spacer\" data-id=\"9be1fea\" data-element_type=\"widget\" data-e-type=\"widget\" data-widget_type=\"spacer.default\">\n\t\t\t\t<div class=\"elementor-widget-container\">\n\t\t\t\t\t\t\t<div class=\"elementor-spacer\">\n\t\t\t<div class=\"elementor-spacer-inner\"><\/div>\n\t\t<\/div>\n\t\t\t\t\t\t<\/div>\n\t\t\t\t<\/div>\n\t\t\t\t<div class=\"elementor-element elementor-element-2f03af1 elementor-hidden-phone elementor-hidden-tablet elementor-widget elementor-widget-text-editor\" data-id=\"2f03af1\" data-element_type=\"widget\" data-e-type=\"widget\" data-widget_type=\"text-editor.default\">\n\t\t\t\t<div class=\"elementor-widget-container\">\n\t\t\t\t\t\t\t\t\t<p><span style=\"font-size: 15px; font-style: normal; font-weight: 400;\">Egalement, notre capacit\u00e9 de fournir des solutions d\u2019acc\u00e8s aux march\u00e9s financiers des capitaux internationaux s\u2019ajoute \u00e0 notre habilit\u00e9 \u00e0 orienter notre client\u00e8le vers les meilleures options strat\u00e9giques pour des op\u00e9rations ; notamment dans le cadre de financements de projets, de formation de joint-ventures, d\u2019OPA, d\u2019LBO, de prise de participations, de d\u00e9vestiture, spin-off ou bien de restructuration de bilan et\/ou dette entreprise.<\/span><\/p>\t\t\t\t\t\t\t\t<\/div>\n\t\t\t\t<\/div>\n\t\t\t\t<div class=\"elementor-element elementor-element-3013323 elementor-hidden-desktop elementor-hidden-tablet elementor-widget elementor-widget-image\" data-id=\"3013323\" data-element_type=\"widget\" data-e-type=\"widget\" data-widget_type=\"image.default\">\n\t\t\t\t<div class=\"elementor-widget-container\">\n\t\t\t\t\t\t\t\t\t\t\t\t\t\t\t<img decoding=\"async\" src=\"https:\/\/a2kadvisory.com\/wp-content\/uploads\/2020\/10\/shutterstock_450715702-1024x683-1.jpg\" title=\"Strat\u00e9gie et Finance d\u2019Entreprise\" alt=\"strategy corporate finance\" loading=\"lazy\" \/>\t\t\t\t\t\t\t\t\t\t\t\t\t\t\t<\/div>\n\t\t\t\t<\/div>\n\t\t\t\t\t<\/div>\n\t\t<\/div>\n\t\t\t\t<div class=\"elementor-column elementor-col-50 elementor-top-column elementor-element elementor-element-2b71a7ee\" data-id=\"2b71a7ee\" data-element_type=\"column\" data-e-type=\"column\">\n\t\t\t<div class=\"elementor-widget-wrap elementor-element-populated\">\n\t\t\t\t\t\t<div class=\"elementor-element elementor-element-bbbb1ff elementor-hidden-phone elementor-hidden-tablet elementor-widget elementor-widget-text-editor\" data-id=\"bbbb1ff\" data-element_type=\"widget\" data-e-type=\"widget\" data-widget_type=\"text-editor.default\">\n\t\t\t\t<div class=\"elementor-widget-container\">\n\t\t\t\t\t\t\t\t\t<p>Plus les entreprises se complexifient, plus les dirigeants et d\u00e9cideurs ont besoin de strat\u00e9gies efficaces pour accro\u00eetre leur rendement. Dans un contexte \u00e9conomique mondial bien souvent incertain et sinuso\u00efdal, A2k Advisory aide ses clients \u00e0 cr\u00e9er des strat\u00e9gies ex\u00e9cutables en mati\u00e8re de croissance et de cr\u00e9ation de valeur ; d\u2019optimisation de portefeuille et de diff\u00e9renciation.<\/p><p>A2k Advisory permet aux entreprises de d\u00e9finir leur orientation strat\u00e9gique et d\u2019effectuer des choix importants qui concernent l\u2019ensemble de l\u2019organisation en question et certaines unit\u00e9s d\u2019affaires. S\u2019adaptant \u00e0 sa client\u00e8le via des analyses qualitatives et quantitatives, le cabinet dispose d\u2019une expertise particuli\u00e8re dans le conseil li\u00e9 \u00e0 des projets complexes dans les secteurs des mines, \u00e9nergie, p\u00e9trole &amp; gaz, agriculture et infrastructures ; allant de la strat\u00e9gie \u00e0 la mise en \u0153uvre avec des perspectives approfondies sur ledit secteur afin de surmonter les d\u00e9fis commerciaux les plus ambitieux.<\/p>\t\t\t\t\t\t\t\t<\/div>\n\t\t\t\t<\/div>\n\t\t\t\t<div class=\"elementor-element elementor-element-761828b elementor-hidden-phone elementor-widget elementor-widget-spacer\" data-id=\"761828b\" data-element_type=\"widget\" data-e-type=\"widget\" data-widget_type=\"spacer.default\">\n\t\t\t\t<div class=\"elementor-widget-container\">\n\t\t\t\t\t\t\t<div class=\"elementor-spacer\">\n\t\t\t<div class=\"elementor-spacer-inner\"><\/div>\n\t\t<\/div>\n\t\t\t\t\t\t<\/div>\n\t\t\t\t<\/div>\n\t\t\t\t<div class=\"elementor-element elementor-element-88cd571 elementor-hidden-desktop elementor-widget elementor-widget-text-editor\" data-id=\"88cd571\" data-element_type=\"widget\" data-e-type=\"widget\" data-widget_type=\"text-editor.default\">\n\t\t\t\t<div class=\"elementor-widget-container\">\n\t\t\t\t\t\t\t\t\t<p><span style=\"font-size: 15px; font-style: normal; font-weight: 400;\">Egalement, notre capacit\u00e9 de fournir des solutions d\u2019acc\u00e8s aux march\u00e9s financiers des capitaux internationaux s\u2019ajoute \u00e0 notre habilit\u00e9 \u00e0 orienter notre client\u00e8le vers les meilleures options strat\u00e9giques pour des op\u00e9rations ; notamment dans le cadre de financements de projets, de formation de joint-ventures, d\u2019OPA, d\u2019LBO, de prise de participations, de d\u00e9vestiture, spin-off ou bien de restructuration de bilan et\/ou dette entreprise.<\/span><\/p>\t\t\t\t\t\t\t\t<\/div>\n\t\t\t\t<\/div>\n\t\t\t\t<div class=\"elementor-element elementor-element-b1604cd elementor-hidden-phone elementor-widget elementor-widget-image\" data-id=\"b1604cd\" data-element_type=\"widget\" data-e-type=\"widget\" data-widget_type=\"image.default\">\n\t\t\t\t<div class=\"elementor-widget-container\">\n\t\t\t\t\t\t\t\t\t\t\t\t\t\t\t<img decoding=\"async\" src=\"https:\/\/a2kadvisory.com\/wp-content\/uploads\/2020\/10\/shutterstock_450715702-1024x683-1.jpg\" title=\"Strat\u00e9gie et Finance d\u2019Entreprise\" alt=\"strategy corporate finance\" loading=\"lazy\" \/>\t\t\t\t\t\t\t\t\t\t\t\t\t\t\t<\/div>\n\t\t\t\t<\/div>\n\t\t\t\t\t<\/div>\n\t\t<\/div>\n\t\t\t\t\t<\/div>\n\t\t<\/section>\n\t\t\t\t<section class=\"elementor-section elementor-top-section elementor-element elementor-element-4d04ef2d elementor-section-full_width elementor-hidden-phone elementor-section-height-default elementor-section-height-default\" data-id=\"4d04ef2d\" data-element_type=\"section\" data-e-type=\"section\" data-settings=\"{&quot;background_background&quot;:&quot;classic&quot;}\">\n\t\t\t\t\t\t\t<div class=\"elementor-background-overlay\"><\/div>\n\t\t\t\t\t\t\t<div class=\"elementor-container elementor-column-gap-default\">\n\t\t\t\t\t<div class=\"elementor-column elementor-col-50 elementor-top-column elementor-element elementor-element-32ced5cc\" data-id=\"32ced5cc\" data-element_type=\"column\" data-e-type=\"column\" data-settings=\"{&quot;background_background&quot;:&quot;classic&quot;}\">\n\t\t\t<div class=\"elementor-widget-wrap\">\n\t\t\t\t\t<div class=\"elementor-background-overlay\"><\/div>\n\t\t\t\t\t\t\t<\/div>\n\t\t<\/div>\n\t\t\t\t<div class=\"elementor-column elementor-col-50 elementor-top-column elementor-element elementor-element-450bef3\" data-id=\"450bef3\" data-element_type=\"column\" data-e-type=\"column\">\n\t\t\t<div class=\"elementor-widget-wrap elementor-element-populated\">\n\t\t\t\t\t\t<section class=\"elementor-section elementor-inner-section elementor-element elementor-element-654a2c9 elementor-section-boxed elementor-section-height-default elementor-section-height-default\" data-id=\"654a2c9\" data-element_type=\"section\" data-e-type=\"section\">\n\t\t\t\t\t\t<div class=\"elementor-container elementor-column-gap-default\">\n\t\t\t\t\t<div class=\"elementor-column elementor-col-33 elementor-inner-column elementor-element elementor-element-189b1c2f\" data-id=\"189b1c2f\" data-element_type=\"column\" data-e-type=\"column\">\n\t\t\t<div class=\"elementor-widget-wrap\">\n\t\t\t\t\t\t\t<\/div>\n\t\t<\/div>\n\t\t\t\t<div class=\"elementor-column elementor-col-66 elementor-inner-column elementor-element elementor-element-48684b81\" data-id=\"48684b81\" data-element_type=\"column\" data-e-type=\"column\">\n\t\t\t<div class=\"elementor-widget-wrap elementor-element-populated\">\n\t\t\t\t\t\t<div class=\"elementor-element elementor-element-284fc89f elementor-widget elementor-widget-text-editor\" data-id=\"284fc89f\" data-element_type=\"widget\" data-e-type=\"widget\" data-widget_type=\"text-editor.default\">\n\t\t\t\t<div class=\"elementor-widget-container\">\n\t\t\t\t\t\t\t\t\t<p style=\"font-size: 15px; font-style: normal; font-weight: 400; background-color: #ffffff;\">Nous offrons ainsi un \u00e9ventail complet de services financiers \u00e0 notre client\u00e8le pour obtenir des r\u00e9sultats concrets, en lien \u00e0 la vision du client et le contexte dans lequel celui-ci op\u00e8re.<\/p><p style=\"font-size: 15px; font-style: normal; font-weight: 400; background-color: #ffffff;\">Les recherches et \u00e9tudes industrielles de classe mondiale du cabinet, combin\u00e9es \u00e0 des d\u00e9cennies d\u2019exp\u00e9riences pratiques, vous aideront dans plusieurs domaines.<\/p>\t\t\t\t\t\t\t\t<\/div>\n\t\t\t\t<\/div>\n\t\t\t\t\t<\/div>\n\t\t<\/div>\n\t\t\t\t\t<\/div>\n\t\t<\/section>\n\t\t\t\t\t<\/div>\n\t\t<\/div>\n\t\t\t\t\t<\/div>\n\t\t<\/section>\n\t\t\t\t<section class=\"elementor-section elementor-top-section elementor-element elementor-element-f7cdc36 elementor-hidden-desktop elementor-hidden-tablet elementor-section-boxed elementor-section-height-default elementor-section-height-default\" data-id=\"f7cdc36\" data-element_type=\"section\" data-e-type=\"section\">\n\t\t\t\t\t\t<div class=\"elementor-container elementor-column-gap-default\">\n\t\t\t\t\t<div class=\"elementor-column elementor-col-50 elementor-top-column elementor-element elementor-element-b029ec1\" data-id=\"b029ec1\" data-element_type=\"column\" data-e-type=\"column\">\n\t\t\t<div class=\"elementor-widget-wrap elementor-element-populated\">\n\t\t\t\t\t\t<div class=\"elementor-element elementor-element-ba04e9a elementor-widget elementor-widget-image\" data-id=\"ba04e9a\" data-element_type=\"widget\" data-e-type=\"widget\" data-widget_type=\"image.default\">\n\t\t\t\t<div class=\"elementor-widget-container\">\n\t\t\t\t\t\t\t\t\t\t\t\t\t\t\t<img fetchpriority=\"high\" decoding=\"async\" width=\"1024\" height=\"681\" src=\"https:\/\/a2kadvisory.com\/wp-content\/uploads\/2020\/10\/shutterstock_1253002153-1024x681-1.jpg\" class=\"attachment-large size-large wp-image-114\" alt=\"strategy corporate finance\" srcset=\"https:\/\/a2kadvisory.com\/wp-content\/uploads\/2020\/10\/shutterstock_1253002153-1024x681-1.jpg 1024w, https:\/\/a2kadvisory.com\/wp-content\/uploads\/2020\/10\/shutterstock_1253002153-1024x681-1-300x200.jpg 300w, https:\/\/a2kadvisory.com\/wp-content\/uploads\/2020\/10\/shutterstock_1253002153-1024x681-1-768x511.jpg 768w\" sizes=\"(max-width: 1024px) 100vw, 1024px\" title=\"\">\t\t\t\t\t\t\t\t\t\t\t\t\t\t\t<\/div>\n\t\t\t\t<\/div>\n\t\t\t\t\t<\/div>\n\t\t<\/div>\n\t\t\t\t<div class=\"elementor-column elementor-col-50 elementor-top-column elementor-element elementor-element-cffa611\" data-id=\"cffa611\" data-element_type=\"column\" data-e-type=\"column\">\n\t\t\t<div class=\"elementor-widget-wrap elementor-element-populated\">\n\t\t\t\t\t\t<div class=\"elementor-element elementor-element-18e6e9a elementor-widget elementor-widget-text-editor\" data-id=\"18e6e9a\" data-element_type=\"widget\" data-e-type=\"widget\" data-widget_type=\"text-editor.default\">\n\t\t\t\t<div class=\"elementor-widget-container\">\n\t\t\t\t\t\t\t\t\t<p><br \/>Clients rely on the firm\u2019s expertise to access capital from a range of sources and in a variety of international market conditions and our SCF team draws on deep resources to help clients achieve their objectives.<\/p><p>Les recherches et \u00e9tudes industrielles de classe mondiale du cabinet, combin\u00e9es \u00e0 des d\u00e9cennies d\u2019exp\u00e9riences pratiques, vous aideront dans plusieurs domaines.<\/p>\t\t\t\t\t\t\t\t<\/div>\n\t\t\t\t<\/div>\n\t\t\t\t\t<\/div>\n\t\t<\/div>\n\t\t\t\t\t<\/div>\n\t\t<\/section>\n\t\t\t\t<section class=\"elementor-section elementor-top-section elementor-element elementor-element-5c771249 elementor-section-boxed elementor-section-height-default elementor-section-height-default\" data-id=\"5c771249\" data-element_type=\"section\" data-e-type=\"section\" data-settings=\"{&quot;background_background&quot;:&quot;classic&quot;}\">\n\t\t\t\t\t\t<div class=\"elementor-container elementor-column-gap-default\">\n\t\t\t\t\t<div class=\"elementor-column elementor-col-66 elementor-top-column elementor-element elementor-element-2538428a\" data-id=\"2538428a\" data-element_type=\"column\" data-e-type=\"column\">\n\t\t\t<div class=\"elementor-widget-wrap elementor-element-populated\">\n\t\t\t\t\t\t<div class=\"elementor-element elementor-element-6206a91c elementor-widget elementor-widget-heading\" data-id=\"6206a91c\" data-element_type=\"widget\" data-e-type=\"widget\" data-widget_type=\"heading.default\">\n\t\t\t\t<div class=\"elementor-widget-container\">\n\t\t\t\t\t<h4 class=\"elementor-heading-title elementor-size-default\">N'h\u00e9sitez pas \u00e0 nous contacter \u00e0 tout moment.<\/h4>\t\t\t\t<\/div>\n\t\t\t\t<\/div>\n\t\t\t\t<div class=\"elementor-element elementor-element-32b1ab52 elementor-hidden-desktop elementor-widget elementor-widget-text-editor\" data-id=\"32b1ab52\" data-element_type=\"widget\" data-e-type=\"widget\" data-widget_type=\"text-editor.default\">\n\t\t\t\t<div class=\"elementor-widget-container\">\n\t\t\t\t\t\t\t\t\t<p>A2k Advisory est ouvert du Lundi au Vendredi de 8h30 \u00e0 20h30 (Heure de Kinshasa)<\/p>\t\t\t\t\t\t\t\t<\/div>\n\t\t\t\t<\/div>\n\t\t\t\t<div class=\"elementor-element elementor-element-2cbeb9a elementor-hidden-phone elementor-hidden-tablet elementor-widget elementor-widget-text-editor\" data-id=\"2cbeb9a\" data-element_type=\"widget\" data-e-type=\"widget\" data-widget_type=\"text-editor.default\">\n\t\t\t\t<div class=\"elementor-widget-container\">\n\t\t\t\t\t\t\t\t\t<p>A2k Advisory est ouvert du Lundi au Vendredi de 8h30 \u00e0 20h30 (Heure de Kinshasa)<\/p>\t\t\t\t\t\t\t\t<\/div>\n\t\t\t\t<\/div>\n\t\t\t\t\t<\/div>\n\t\t<\/div>\n\t\t\t\t<div class=\"elementor-column elementor-col-33 elementor-top-column elementor-element elementor-element-44cdcce8\" data-id=\"44cdcce8\" data-element_type=\"column\" data-e-type=\"column\">\n\t\t\t<div class=\"elementor-widget-wrap elementor-element-populated\">\n\t\t\t\t\t\t<div class=\"elementor-element elementor-element-3c4745d8 elementor-align-right elementor-mobile-align-center elementor-widget elementor-widget-button\" data-id=\"3c4745d8\" data-element_type=\"widget\" data-e-type=\"widget\" data-widget_type=\"button.default\">\n\t\t\t\t<div class=\"elementor-widget-container\">\n\t\t\t\t\t\t\t\t\t<div class=\"elementor-button-wrapper\">\n\t\t\t\t\t<a class=\"elementor-button elementor-button-link elementor-size-lg elementor-animation-grow\" href=\"https:\/\/a2kadvisory.com\/fr\/contact\/\">\n\t\t\t\t\t\t<span class=\"elementor-button-content-wrapper\">\n\t\t\t\t\t\t\t\t\t<span class=\"elementor-button-text\">Contactez-nous<\/span>\n\t\t\t\t\t<\/span>\n\t\t\t\t\t<\/a>\n\t\t\t\t<\/div>\n\t\t\t\t\t\t\t\t<\/div>\n\t\t\t\t<\/div>\n\t\t\t\t\t<\/div>\n\t\t<\/div>\n\t\t\t\t\t<\/div>\n\t\t<\/section>\n\t\t\t\t<\/div>","protected":false},"excerpt":{"rendered":"<p>Strategy and Corporate Finance The more organisations become complex, the more CEOs and business leaders need efficient strategies to increase their coporate profitability. In a global economic environment more uncertain than ever, A2k Advisory assists its clientele to create executable strategies in terms of organizational growth, value creation, portfolio optimisation and differentation. Our Strategy and [&hellip;]<\/p>","protected":false},"author":1,"featured_media":0,"parent":32,"menu_order":0,"comment_status":"closed","ping_status":"closed","template":"","meta":{"site-sidebar-layout":"no-sidebar","site-content-layout":"page-builder","ast-site-content-layout":"default","site-content-style":"default","site-sidebar-style":"default","ast-global-header-display":"","ast-banner-title-visibility":"","ast-main-header-display":"","ast-hfb-above-header-display":"","ast-hfb-below-header-display":"","ast-hfb-mobile-header-display":"","site-post-title":"disabled","ast-breadcrumbs-content":"","ast-featured-img":"","footer-sml-layout":"","ast-disable-related-posts":"","theme-transparent-header-meta":"default","adv-header-id-meta":"","stick-header-meta":"","header-above-stick-meta":"","header-main-stick-meta":"","header-below-stick-meta":"","astra-migrate-meta-layouts":"default","ast-page-background-enabled":"default","ast-page-background-meta":{"desktop":{"background-color":"","background-image":"","background-repeat":"repeat","background-position":"center center","background-size":"auto","background-attachment":"scroll","background-type":"","background-media":"","overlay-type":"","overlay-color":"","overlay-opacity":"","overlay-gradient":""},"tablet":{"background-color":"","background-image":"","background-repeat":"repeat","background-position":"center center","background-size":"auto","background-attachment":"scroll","background-type":"","background-media":"","overlay-type":"","overlay-color":"","overlay-opacity":"","overlay-gradient":""},"mobile":{"background-color":"","background-image":"","background-repeat":"repeat","background-position":"center center","background-size":"auto","background-attachment":"scroll","background-type":"","background-media":"","overlay-type":"","overlay-color":"","overlay-opacity":"","overlay-gradient":""}},"ast-content-background-meta":{"desktop":{"background-color":"var(--ast-global-color-5)","background-image":"","background-repeat":"repeat","background-position":"center center","background-size":"auto","background-attachment":"scroll","background-type":"","background-media":"","overlay-type":"","overlay-color":"","overlay-opacity":"","overlay-gradient":""},"tablet":{"background-color":"var(--ast-global-color-5)","background-image":"","background-repeat":"repeat","background-position":"center center","background-size":"auto","background-attachment":"scroll","background-type":"","background-media":"","overlay-type":"","overlay-color":"","overlay-opacity":"","overlay-gradient":""},"mobile":{"background-color":"var(--ast-global-color-5)","background-image":"","background-repeat":"repeat","background-position":"center center","background-size":"auto","background-attachment":"scroll","background-type":"","background-media":"","overlay-type":"","overlay-color":"","overlay-opacity":"","overlay-gradient":""}},"sync_status":"","episode_type":"","audio_file":"","castos_file_data":"","podmotor_file_id":"","cover_image":"","cover_image_id":"","duration":"","filesize":"","filesize_raw":"","date_recorded":"","explicit":"","block":"","itunes_episode_number":"","itunes_title":"","itunes_season_number":"","itunes_episode_type":"","footnotes":""},"class_list":["post-46","page","type-page","status-publish","hentry"],"_links":{"self":[{"href":"https:\/\/a2kadvisory.com\/fr\/wp-json\/wp\/v2\/pages\/46","targetHints":{"allow":["GET"]}}],"collection":[{"href":"https:\/\/a2kadvisory.com\/fr\/wp-json\/wp\/v2\/pages"}],"about":[{"href":"https:\/\/a2kadvisory.com\/fr\/wp-json\/wp\/v2\/types\/page"}],"author":[{"embeddable":true,"href":"https:\/\/a2kadvisory.com\/fr\/wp-json\/wp\/v2\/users\/1"}],"replies":[{"embeddable":true,"href":"https:\/\/a2kadvisory.com\/fr\/wp-json\/wp\/v2\/comments?post=46"}],"version-history":[{"count":116,"href":"https:\/\/a2kadvisory.com\/fr\/wp-json\/wp\/v2\/pages\/46\/revisions"}],"predecessor-version":[{"id":2112,"href":"https:\/\/a2kadvisory.com\/fr\/wp-json\/wp\/v2\/pages\/46\/revisions\/2112"}],"up":[{"embeddable":true,"href":"https:\/\/a2kadvisory.com\/fr\/wp-json\/wp\/v2\/pages\/32"}],"wp:attachment":[{"href":"https:\/\/a2kadvisory.com\/fr\/wp-json\/wp\/v2\/media?parent=46"}],"curies":[{"name":"wp","href":"https:\/\/api.w.org\/{rel}","templated":true}]}}